{"id":1723,"date":"2025-12-17T14:04:32","date_gmt":"2025-12-17T14:04:32","guid":{"rendered":"https:\/\/yerelde-ilo-190.cinsiyetesitligipolitikalari.org\/?page_id=1723"},"modified":"2025-12-21T08:24:34","modified_gmt":"2025-12-21T08:24:34","slug":"belediye-haritasi","status":"publish","type":"page","link":"https:\/\/cinsiyetesitligipolitikalari.org\/yerelde-ilo-190\/belediye-haritasi\/","title":{"rendered":"Belediye Haritas\u0131"},"content":{"rendered":"[vc_row type=&#8221;full_width_background&#8221; full_screen_row_position=&#8221;middle&#8221; column_margin=&#8221;default&#8221; column_direction=&#8221;default&#8221; column_direction_tablet=&#8221;default&#8221; column_direction_phone=&#8221;default&#8221; scene_position=&#8221;center&#8221; top_padding=&#8221;4%&#8221; bottom_padding=&#8221;2%&#8221; text_color=&#8221;dark&#8221; text_align=&#8221;left&#8221; row_border_radius=&#8221;none&#8221; row_border_radius_applies=&#8221;bg&#8221; row_position_desktop=&#8221;default&#8221; row_position_tablet=&#8221;inherit&#8221; row_position_phone=&#8221;inherit&#8221; overflow=&#8221;visible&#8221; overlay_strength=&#8221;0.3&#8243; gradient_direction=&#8221;left_to_right&#8221; shape_divider_position=&#8221;bottom&#8221; bg_image_animation=&#8221;none&#8221; gradient_type=&#8221;default&#8221; shape_type=&#8221;&#8221;][vc_column column_padding=&#8221;padding-4-percent&#8221; column_padding_tablet=&#8221;inherit&#8221; column_padding_phone=&#8221;inherit&#8221; column_padding_position=&#8221;bottom&#8221; flex_gap_desktop=&#8221;10px&#8221; column_element_direction_desktop=&#8221;default&#8221; column_element_spacing=&#8221;default&#8221; desktop_text_alignment=&#8221;default&#8221; tablet_text_alignment=&#8221;default&#8221; phone_text_alignment=&#8221;default&#8221; background_color_opacity=&#8221;1&#8243; background_hover_color_opacity=&#8221;1&#8243; column_backdrop_filter=&#8221;none&#8221; column_shadow=&#8221;none&#8221; column_border_radius=&#8221;none&#8221; column_link_target=&#8221;_self&#8221; column_position=&#8221;default&#8221; gradient_direction=&#8221;left_to_right&#8221; overlay_strength=&#8221;0.3&#8243; width=&#8221;1\/1&#8243; tablet_width_inherit=&#8221;default&#8221; animation_type=&#8221;default&#8221; bg_image_animation=&#8221;none&#8221; border_type=&#8221;simple&#8221; column_border_width=&#8221;none&#8221; column_border_style=&#8221;solid&#8221;][vc_row_inner column_margin=&#8221;default&#8221; column_direction=&#8221;default&#8221; column_direction_tablet=&#8221;default&#8221; column_direction_phone=&#8221;default&#8221; text_align=&#8221;left&#8221; row_position=&#8221;default&#8221; row_position_tablet=&#8221;inherit&#8221; row_position_phone=&#8221;inherit&#8221; overflow=&#8221;visible&#8221; pointer_events=&#8221;all&#8221;][vc_column_inner column_padding=&#8221;no-extra-padding&#8221; column_padding_tablet=&#8221;inherit&#8221; column_padding_phone=&#8221;inherit&#8221; column_padding_position=&#8221;all&#8221; flex_gap_desktop=&#8221;10px&#8221; column_element_direction_desktop=&#8221;default&#8221; column_element_spacing=&#8221;default&#8221; desktop_text_alignment=&#8221;default&#8221; tablet_text_alignment=&#8221;default&#8221; phone_text_alignment=&#8221;default&#8221; background_color_opacity=&#8221;1&#8243; background_hover_color_opacity=&#8221;1&#8243; column_backdrop_filter=&#8221;none&#8221; column_shadow=&#8221;none&#8221; column_border_radius=&#8221;none&#8221; column_link_target=&#8221;_self&#8221; overflow=&#8221;visible&#8221; gradient_direction=&#8221;left_to_right&#8221; overlay_strength=&#8221;0.3&#8243; width=&#8221;1\/6&#8243; tablet_width_inherit=&#8221;default&#8221; animation_type=&#8221;default&#8221; enable_animation=&#8221;true&#8221; animation=&#8221;fade-in-from-bottom&#8221; animation_easing=&#8221;default&#8221; bg_image_animation=&#8221;none&#8221; border_type=&#8221;simple&#8221; column_border_width=&#8221;none&#8221; column_border_style=&#8221;solid&#8221; offset=&#8221;vc_hidden-sm vc_hidden-xs&#8221;][\/vc_column_inner][vc_column_inner column_padding=&#8221;no-extra-padding&#8221; column_padding_tablet=&#8221;inherit&#8221; column_padding_phone=&#8221;inherit&#8221; column_padding_position=&#8221;all&#8221; flex_gap_desktop=&#8221;10px&#8221; column_element_direction_desktop=&#8221;default&#8221; column_element_spacing=&#8221;default&#8221; centered_text=&#8221;true&#8221; desktop_text_alignment=&#8221;default&#8221; tablet_text_alignment=&#8221;default&#8221; phone_text_alignment=&#8221;default&#8221; background_color_opacity=&#8221;1&#8243; background_hover_color_opacity=&#8221;1&#8243; column_backdrop_filter=&#8221;none&#8221; column_shadow=&#8221;none&#8221; column_border_radius=&#8221;none&#8221; column_link_target=&#8221;_self&#8221; overflow=&#8221;visible&#8221; gradient_direction=&#8221;left_to_right&#8221; overlay_strength=&#8221;0.3&#8243; width=&#8221;2\/3&#8243; tablet_width_inherit=&#8221;default&#8221; animation_type=&#8221;default&#8221; enable_animation=&#8221;true&#8221; animation=&#8221;fade-in-from-bottom&#8221; animation_easing=&#8221;default&#8221; bg_image_animation=&#8221;none&#8221; border_type=&#8221;simple&#8221; column_border_width=&#8221;none&#8221; column_border_style=&#8221;solid&#8221; offset=&#8221;vc_col-xs-12&#8243;][vc_column_text css=&#8221;&#8221; text_direction=&#8221;default&#8221;]\n<h3><b>\u00c7al\u0131\u015fma Ya\u015fam\u0131nda \u015eiddet ve Tacizi \u00d6nlemeye Y\u00f6nelik Politika veya Tutum Belgesi \u0130mzalayan Belediyelerin Haritas\u0131<\/b><\/h3>\n[\/vc_column_text][\/vc_column_inner][vc_column_inner column_padding=&#8221;no-extra-padding&#8221; column_padding_tablet=&#8221;inherit&#8221; column_padding_phone=&#8221;inherit&#8221; column_padding_position=&#8221;all&#8221; flex_gap_desktop=&#8221;10px&#8221; column_element_direction_desktop=&#8221;default&#8221; column_element_spacing=&#8221;default&#8221; desktop_text_alignment=&#8221;default&#8221; tablet_text_alignment=&#8221;default&#8221; phone_text_alignment=&#8221;default&#8221; background_color_opacity=&#8221;1&#8243; background_hover_color_opacity=&#8221;1&#8243; column_backdrop_filter=&#8221;none&#8221; column_shadow=&#8221;none&#8221; column_border_radius=&#8221;none&#8221; column_link_target=&#8221;_self&#8221; overflow=&#8221;visible&#8221; gradient_direction=&#8221;left_to_right&#8221; overlay_strength=&#8221;0.3&#8243; width=&#8221;1\/6&#8243; tablet_width_inherit=&#8221;default&#8221; animation_type=&#8221;default&#8221; bg_image_animation=&#8221;none&#8221; border_type=&#8221;simple&#8221; column_border_width=&#8221;none&#8221; column_border_style=&#8221;solid&#8221; offset=&#8221;vc_hidden-sm vc_hidden-xs&#8221;][\/vc_column_inner][\/vc_row_inner][\/vc_column][\/vc_row][vc_row type=&#8221;in_container&#8221; full_screen_row_position=&#8221;middle&#8221; column_margin=&#8221;default&#8221; column_direction=&#8221;default&#8221; column_direction_tablet=&#8221;default&#8221; column_direction_phone=&#8221;default&#8221; scene_position=&#8221;center&#8221; text_color=&#8221;dark&#8221; text_align=&#8221;left&#8221; row_border_radius=&#8221;none&#8221; row_border_radius_applies=&#8221;bg&#8221; row_position_desktop=&#8221;default&#8221; row_position_tablet=&#8221;inherit&#8221; row_position_phone=&#8221;inherit&#8221; overflow=&#8221;visible&#8221; overlay_strength=&#8221;0.3&#8243; gradient_direction=&#8221;left_to_right&#8221; shape_divider_position=&#8221;bottom&#8221; bg_image_animation=&#8221;none&#8221;][vc_column column_padding=&#8221;no-extra-padding&#8221; column_padding_tablet=&#8221;inherit&#8221; column_padding_phone=&#8221;inherit&#8221; column_padding_position=&#8221;all&#8221; flex_gap_desktop=&#8221;10px&#8221; column_element_direction_desktop=&#8221;default&#8221; column_element_spacing=&#8221;default&#8221; desktop_text_alignment=&#8221;default&#8221; tablet_text_alignment=&#8221;default&#8221; phone_text_alignment=&#8221;default&#8221; background_color_opacity=&#8221;1&#8243; background_hover_color_opacity=&#8221;1&#8243; column_backdrop_filter=&#8221;none&#8221; column_shadow=&#8221;none&#8221; column_border_radius=&#8221;none&#8221; column_link_target=&#8221;_self&#8221; column_position=&#8221;default&#8221; gradient_direction=&#8221;left_to_right&#8221; overlay_strength=&#8221;0.3&#8243; width=&#8221;1\/1&#8243; tablet_width_inherit=&#8221;default&#8221; animation_type=&#8221;default&#8221; bg_image_animation=&#8221;none&#8221; border_type=&#8221;simple&#8221; column_border_width=&#8221;none&#8221; column_border_style=&#8221;solid&#8221;][vc_raw_html css=&#8221;&#8221;]JTVCYmVsZWRpeWVsaXN0JTIwaGVpZ2h0JTNEJTIyNzUwcHglMjIlMjBtaW5fem9vbSUzRCUyMjYlMjIlMjBtYXhfem9vbSUzRCUyMjEwJTIyJTVEJTBB[\/vc_raw_html][\/vc_column][\/vc_row]\n","protected":false},"excerpt":{"rendered":"<p>[vc_row type=&#8221;full_width_background&#8221; full_screen_row_position=&#8221;middle&#8221; column_margin=&#8221;default&#8221; column_direction=&#8221;default&#8221; column_direction_tablet=&#8221;default&#8221; column_direction_phone=&#8221;default&#8221; scene_position=&#8221;center&#8221; top_padding=&#8221;4%&#8221; bottom_padding=&#8221;2%&#8221; text_color=&#8221;dark&#8221; text_align=&#8221;left&#8221; row_border_radius=&#8221;none&#8221; row_border_radius_applies=&#8221;bg&#8221; row_position_desktop=&#8221;default&#8221; row_position_tablet=&#8221;inherit&#8221; row_position_phone=&#8221;inherit&#8221; overflow=&#8221;visible&#8221; overlay_strength=&#8221;0.3&#8243; gradient_direction=&#8221;left_to_right&#8221; shape_divider_position=&#8221;bottom&#8221; bg_image_animation=&#8221;none&#8221; gradient_type=&#8221;default&#8221; shape_type=&#8221;&#8221;][vc_column column_padding=&#8221;padding-4-percent&#8221; column_padding_tablet=&#8221;inherit&#8221; column_padding_phone=&#8221;inherit&#8221; column_padding_position=&#8221;bottom&#8221; flex_gap_desktop=&#8221;10px&#8221; column_element_direction_desktop=&#8221;default&#8221;&#8230;<\/p>\n","protected":false},"author":1,"featured_media":0,"parent":0,"menu_order":0,"comment_status":"closed","ping_status":"closed","template":"","meta":{"_acf_changed":false,"footnotes":""},"class_list":["post-1723","page","type-page","status-publish"],"acf":[],"yoast_head":"<!-- This site is optimized with the Yoast SEO plugin v27.0 - https:\/\/yoast.com\/product\/yoast-seo-wordpress\/ -->\n<title>Belediye Haritas\u0131 - Yerelde ILO 190<\/title>\n<meta name=\"robots\" content=\"index, follow, max-snippet:-1, max-image-preview:large, max-video-preview:-1\" \/>\n<link rel=\"canonical\" href=\"https:\/\/cinsiyetesitligipolitikalari.org\/yerelde-ilo-190\/belediye-haritasi\/\" \/>\n<meta property=\"og:locale\" content=\"tr_TR\" \/>\n<meta property=\"og:type\" content=\"article\" \/>\n<meta property=\"og:title\" content=\"Belediye Haritas\u0131 - Yerelde ILO 190\" \/>\n<meta property=\"og:description\" content=\"[vc_row type=&#8221;full_width_background&#8221; full_screen_row_position=&#8221;middle&#8221; column_margin=&#8221;default&#8221; column_direction=&#8221;default&#8221; column_direction_tablet=&#8221;default&#8221; column_direction_phone=&#8221;default&#8221; scene_position=&#8221;center&#8221; top_padding=&#8221;4%&#8221; bottom_padding=&#8221;2%&#8221; text_color=&#8221;dark&#8221; text_align=&#8221;left&#8221; row_border_radius=&#8221;none&#8221; row_border_radius_applies=&#8221;bg&#8221; row_position_desktop=&#8221;default&#8221; row_position_tablet=&#8221;inherit&#8221; row_position_phone=&#8221;inherit&#8221; overflow=&#8221;visible&#8221; overlay_strength=&#8221;0.3&#8243; gradient_direction=&#8221;left_to_right&#8221; shape_divider_position=&#8221;bottom&#8221; bg_image_animation=&#8221;none&#8221; gradient_type=&#8221;default&#8221; shape_type=&#8221;&#8221;][vc_column column_padding=&#8221;padding-4-percent&#8221; column_padding_tablet=&#8221;inherit&#8221; column_padding_phone=&#8221;inherit&#8221; column_padding_position=&#8221;bottom&#8221; flex_gap_desktop=&#8221;10px&#8221; column_element_direction_desktop=&#8221;default&#8221;...\" \/>\n<meta property=\"og:url\" content=\"https:\/\/cinsiyetesitligipolitikalari.org\/yerelde-ilo-190\/belediye-haritasi\/\" \/>\n<meta property=\"og:site_name\" content=\"Yerelde ILO 190\" \/>\n<meta property=\"article:modified_time\" content=\"2025-12-21T08:24:34+00:00\" \/>\n<meta name=\"twitter:card\" content=\"summary_large_image\" \/>\n<meta name=\"twitter:label1\" content=\"Tahmini okuma s\u00fcresi\" \/>\n\t<meta name=\"twitter:data1\" content=\"4 dakika\" \/>\n<script type=\"application\/ld+json\" class=\"yoast-schema-graph\">{\"@context\":\"https:\/\/schema.org\",\"@graph\":[{\"@type\":\"WebPage\",\"@id\":\"https:\/\/cinsiyetesitligipolitikalari.org\/yerelde-ilo-190\/belediye-haritasi\/\",\"url\":\"https:\/\/cinsiyetesitligipolitikalari.org\/yerelde-ilo-190\/belediye-haritasi\/\",\"name\":\"Belediye Haritas\u0131 - Yerelde ILO 190\",\"isPartOf\":{\"@id\":\"https:\/\/cinsiyetesitligipolitikalari.org\/yerelde-ilo-190\/#website\"},\"datePublished\":\"2025-12-17T14:04:32+00:00\",\"dateModified\":\"2025-12-21T08:24:34+00:00\",\"breadcrumb\":{\"@id\":\"https:\/\/cinsiyetesitligipolitikalari.org\/yerelde-ilo-190\/belediye-haritasi\/#breadcrumb\"},\"inLanguage\":\"tr\",\"potentialAction\":[{\"@type\":\"ReadAction\",\"target\":[\"https:\/\/cinsiyetesitligipolitikalari.org\/yerelde-ilo-190\/belediye-haritasi\/\"]}]},{\"@type\":\"BreadcrumbList\",\"@id\":\"https:\/\/cinsiyetesitligipolitikalari.org\/yerelde-ilo-190\/belediye-haritasi\/#breadcrumb\",\"itemListElement\":[{\"@type\":\"ListItem\",\"position\":1,\"name\":\"Anasayfa\",\"item\":\"https:\/\/cinsiyetesitligipolitikalari.org\/yerelde-ilo-190\/\"},{\"@type\":\"ListItem\",\"position\":2,\"name\":\"Belediye Haritas\u0131\"}]},{\"@type\":\"WebSite\",\"@id\":\"https:\/\/cinsiyetesitligipolitikalari.org\/yerelde-ilo-190\/#website\",\"url\":\"https:\/\/cinsiyetesitligipolitikalari.org\/yerelde-ilo-190\/\",\"name\":\"Yerelde ILO 190 - Cinsiyet E\u015fitli\u011fi Politikalar\u0131 Derne\u011fi\",\"description\":\"\",\"publisher\":{\"@id\":\"https:\/\/cinsiyetesitligipolitikalari.org\/yerelde-ilo-190\/#organization\"},\"potentialAction\":[{\"@type\":\"SearchAction\",\"target\":{\"@type\":\"EntryPoint\",\"urlTemplate\":\"https:\/\/cinsiyetesitligipolitikalari.org\/yerelde-ilo-190\/?s={search_term_string}\"},\"query-input\":{\"@type\":\"PropertyValueSpecification\",\"valueRequired\":true,\"valueName\":\"search_term_string\"}}],\"inLanguage\":\"tr\"},{\"@type\":\"Organization\",\"@id\":\"https:\/\/cinsiyetesitligipolitikalari.org\/yerelde-ilo-190\/#organization\",\"name\":\"Cinsiyet E\u015fitli\u011fi Politikalar\u0131 Derne\u011fi\",\"url\":\"https:\/\/cinsiyetesitligipolitikalari.org\/yerelde-ilo-190\/\",\"logo\":{\"@type\":\"ImageObject\",\"inLanguage\":\"tr\",\"@id\":\"https:\/\/cinsiyetesitligipolitikalari.org\/yerelde-ilo-190\/#\/schema\/logo\/image\/\",\"url\":\"https:\/\/cinsiyetesitligipolitikalari.org\/yerelde-ilo-190\/wp-content\/uploads\/2025\/12\/cepd_logo.svg\",\"contentUrl\":\"https:\/\/cinsiyetesitligipolitikalari.org\/yerelde-ilo-190\/wp-content\/uploads\/2025\/12\/cepd_logo.svg\",\"width\":32,\"height\":32,\"caption\":\"Cinsiyet E\u015fitli\u011fi Politikalar\u0131 Derne\u011fi\"},\"image\":{\"@id\":\"https:\/\/cinsiyetesitligipolitikalari.org\/yerelde-ilo-190\/#\/schema\/logo\/image\/\"}}]}<\/script>\n<!-- \/ Yoast SEO plugin. -->","yoast_head_json":{"title":"Belediye Haritas\u0131 - Yerelde ILO 190","robots":{"index":"index","follow":"follow","max-snippet":"max-snippet:-1","max-image-preview":"max-image-preview:large","max-video-preview":"max-video-preview:-1"},"canonical":"https:\/\/cinsiyetesitligipolitikalari.org\/yerelde-ilo-190\/belediye-haritasi\/","og_locale":"tr_TR","og_type":"article","og_title":"Belediye Haritas\u0131 - Yerelde ILO 190","og_description":"[vc_row type=&#8221;full_width_background&#8221; full_screen_row_position=&#8221;middle&#8221; column_margin=&#8221;default&#8221; column_direction=&#8221;default&#8221; column_direction_tablet=&#8221;default&#8221; column_direction_phone=&#8221;default&#8221; scene_position=&#8221;center&#8221; top_padding=&#8221;4%&#8221; bottom_padding=&#8221;2%&#8221; text_color=&#8221;dark&#8221; text_align=&#8221;left&#8221; row_border_radius=&#8221;none&#8221; row_border_radius_applies=&#8221;bg&#8221; row_position_desktop=&#8221;default&#8221; row_position_tablet=&#8221;inherit&#8221; row_position_phone=&#8221;inherit&#8221; overflow=&#8221;visible&#8221; overlay_strength=&#8221;0.3&#8243; gradient_direction=&#8221;left_to_right&#8221; shape_divider_position=&#8221;bottom&#8221; bg_image_animation=&#8221;none&#8221; gradient_type=&#8221;default&#8221; shape_type=&#8221;&#8221;][vc_column column_padding=&#8221;padding-4-percent&#8221; column_padding_tablet=&#8221;inherit&#8221; column_padding_phone=&#8221;inherit&#8221; column_padding_position=&#8221;bottom&#8221; flex_gap_desktop=&#8221;10px&#8221; column_element_direction_desktop=&#8221;default&#8221;...","og_url":"https:\/\/cinsiyetesitligipolitikalari.org\/yerelde-ilo-190\/belediye-haritasi\/","og_site_name":"Yerelde ILO 190","article_modified_time":"2025-12-21T08:24:34+00:00","twitter_card":"summary_large_image","twitter_misc":{"Tahmini okuma s\u00fcresi":"4 dakika"},"schema":{"@context":"https:\/\/schema.org","@graph":[{"@type":"WebPage","@id":"https:\/\/cinsiyetesitligipolitikalari.org\/yerelde-ilo-190\/belediye-haritasi\/","url":"https:\/\/cinsiyetesitligipolitikalari.org\/yerelde-ilo-190\/belediye-haritasi\/","name":"Belediye Haritas\u0131 - Yerelde ILO 190","isPartOf":{"@id":"https:\/\/cinsiyetesitligipolitikalari.org\/yerelde-ilo-190\/#website"},"datePublished":"2025-12-17T14:04:32+00:00","dateModified":"2025-12-21T08:24:34+00:00","breadcrumb":{"@id":"https:\/\/cinsiyetesitligipolitikalari.org\/yerelde-ilo-190\/belediye-haritasi\/#breadcrumb"},"inLanguage":"tr","potentialAction":[{"@type":"ReadAction","target":["https:\/\/cinsiyetesitligipolitikalari.org\/yerelde-ilo-190\/belediye-haritasi\/"]}]},{"@type":"BreadcrumbList","@id":"https:\/\/cinsiyetesitligipolitikalari.org\/yerelde-ilo-190\/belediye-haritasi\/#breadcrumb","itemListElement":[{"@type":"ListItem","position":1,"name":"Anasayfa","item":"https:\/\/cinsiyetesitligipolitikalari.org\/yerelde-ilo-190\/"},{"@type":"ListItem","position":2,"name":"Belediye Haritas\u0131"}]},{"@type":"WebSite","@id":"https:\/\/cinsiyetesitligipolitikalari.org\/yerelde-ilo-190\/#website","url":"https:\/\/cinsiyetesitligipolitikalari.org\/yerelde-ilo-190\/","name":"Yerelde ILO 190 - Cinsiyet E\u015fitli\u011fi Politikalar\u0131 Derne\u011fi","description":"","publisher":{"@id":"https:\/\/cinsiyetesitligipolitikalari.org\/yerelde-ilo-190\/#organization"},"potentialAction":[{"@type":"SearchAction","target":{"@type":"EntryPoint","urlTemplate":"https:\/\/cinsiyetesitligipolitikalari.org\/yerelde-ilo-190\/?s={search_term_string}"},"query-input":{"@type":"PropertyValueSpecification","valueRequired":true,"valueName":"search_term_string"}}],"inLanguage":"tr"},{"@type":"Organization","@id":"https:\/\/cinsiyetesitligipolitikalari.org\/yerelde-ilo-190\/#organization","name":"Cinsiyet E\u015fitli\u011fi Politikalar\u0131 Derne\u011fi","url":"https:\/\/cinsiyetesitligipolitikalari.org\/yerelde-ilo-190\/","logo":{"@type":"ImageObject","inLanguage":"tr","@id":"https:\/\/cinsiyetesitligipolitikalari.org\/yerelde-ilo-190\/#\/schema\/logo\/image\/","url":"https:\/\/cinsiyetesitligipolitikalari.org\/yerelde-ilo-190\/wp-content\/uploads\/2025\/12\/cepd_logo.svg","contentUrl":"https:\/\/cinsiyetesitligipolitikalari.org\/yerelde-ilo-190\/wp-content\/uploads\/2025\/12\/cepd_logo.svg","width":32,"height":32,"caption":"Cinsiyet E\u015fitli\u011fi Politikalar\u0131 Derne\u011fi"},"image":{"@id":"https:\/\/cinsiyetesitligipolitikalari.org\/yerelde-ilo-190\/#\/schema\/logo\/image\/"}}]}},"_links":{"self":[{"href":"https:\/\/cinsiyetesitligipolitikalari.org\/yerelde-ilo-190\/wp-json\/wp\/v2\/pages\/1723","targetHints":{"allow":["GET"]}}],"collection":[{"href":"https:\/\/cinsiyetesitligipolitikalari.org\/yerelde-ilo-190\/wp-json\/wp\/v2\/pages"}],"about":[{"href":"https:\/\/cinsiyetesitligipolitikalari.org\/yerelde-ilo-190\/wp-json\/wp\/v2\/types\/page"}],"author":[{"embeddable":true,"href":"https:\/\/cinsiyetesitligipolitikalari.org\/yerelde-ilo-190\/wp-json\/wp\/v2\/users\/1"}],"replies":[{"embeddable":true,"href":"https:\/\/cinsiyetesitligipolitikalari.org\/yerelde-ilo-190\/wp-json\/wp\/v2\/comments?post=1723"}],"version-history":[{"count":8,"href":"https:\/\/cinsiyetesitligipolitikalari.org\/yerelde-ilo-190\/wp-json\/wp\/v2\/pages\/1723\/revisions"}],"predecessor-version":[{"id":1874,"href":"https:\/\/cinsiyetesitligipolitikalari.org\/yerelde-ilo-190\/wp-json\/wp\/v2\/pages\/1723\/revisions\/1874"}],"wp:attachment":[{"href":"https:\/\/cinsiyetesitligipolitikalari.org\/yerelde-ilo-190\/wp-json\/wp\/v2\/media?parent=1723"}],"curies":[{"name":"wp","href":"https:\/\/api.w.org\/{rel}","templated":true}]}}