{"id":1886,"date":"2025-12-21T08:37:44","date_gmt":"2025-12-21T08:37:44","guid":{"rendered":"https:\/\/cinsiyetesitligipolitikalari.org\/yerelde-ilo-190\/?page_id=1886"},"modified":"2025-12-21T08:37:44","modified_gmt":"2025-12-21T08:37:44","slug":"ilo-190-nedir","status":"publish","type":"page","link":"https:\/\/cinsiyetesitligipolitikalari.org\/yerelde-ilo-190\/ilo-190-nedir\/","title":{"rendered":"ILO 190 Nedir?\u00a0"},"content":{"rendered":"[vc_row type=&#8221;full_width_background&#8221; full_screen_row_position=&#8221;middle&#8221; column_margin=&#8221;default&#8221; column_direction=&#8221;default&#8221; column_direction_tablet=&#8221;default&#8221; column_direction_phone=&#8221;default&#8221; scene_position=&#8221;center&#8221; top_padding=&#8221;4%&#8221; bottom_padding=&#8221;2%&#8221; text_color=&#8221;dark&#8221; text_align=&#8221;left&#8221; row_border_radius=&#8221;none&#8221; row_border_radius_applies=&#8221;bg&#8221; row_position_desktop=&#8221;default&#8221; row_position_tablet=&#8221;inherit&#8221; row_position_phone=&#8221;inherit&#8221; overflow=&#8221;visible&#8221; overlay_strength=&#8221;0.3&#8243; gradient_direction=&#8221;left_to_right&#8221; shape_divider_position=&#8221;bottom&#8221; bg_image_animation=&#8221;none&#8221; gradient_type=&#8221;default&#8221; shape_type=&#8221;&#8221;][vc_column column_padding=&#8221;padding-4-percent&#8221; column_padding_tablet=&#8221;inherit&#8221; column_padding_phone=&#8221;inherit&#8221; column_padding_position=&#8221;bottom&#8221; flex_gap_desktop=&#8221;10px&#8221; column_element_direction_desktop=&#8221;default&#8221; column_element_spacing=&#8221;default&#8221; desktop_text_alignment=&#8221;default&#8221; tablet_text_alignment=&#8221;default&#8221; phone_text_alignment=&#8221;default&#8221; background_color_opacity=&#8221;1&#8243; background_hover_color_opacity=&#8221;1&#8243; column_backdrop_filter=&#8221;none&#8221; column_shadow=&#8221;none&#8221; column_border_radius=&#8221;none&#8221; column_link_target=&#8221;_self&#8221; column_position=&#8221;default&#8221; gradient_direction=&#8221;left_to_right&#8221; overlay_strength=&#8221;0.3&#8243; width=&#8221;1\/1&#8243; tablet_width_inherit=&#8221;default&#8221; animation_type=&#8221;default&#8221; bg_image_animation=&#8221;none&#8221; border_type=&#8221;simple&#8221; column_border_width=&#8221;none&#8221; column_border_style=&#8221;solid&#8221;][vc_row_inner column_margin=&#8221;default&#8221; column_direction=&#8221;default&#8221; column_direction_tablet=&#8221;default&#8221; column_direction_phone=&#8221;default&#8221; text_align=&#8221;left&#8221; row_position=&#8221;default&#8221; row_position_tablet=&#8221;inherit&#8221; row_position_phone=&#8221;inherit&#8221; overflow=&#8221;visible&#8221; pointer_events=&#8221;all&#8221;][vc_column_inner column_padding=&#8221;no-extra-padding&#8221; column_padding_tablet=&#8221;inherit&#8221; column_padding_phone=&#8221;inherit&#8221; column_padding_position=&#8221;all&#8221; flex_gap_desktop=&#8221;10px&#8221; column_element_direction_desktop=&#8221;default&#8221; column_element_spacing=&#8221;default&#8221; desktop_text_alignment=&#8221;default&#8221; tablet_text_alignment=&#8221;default&#8221; phone_text_alignment=&#8221;default&#8221; background_color_opacity=&#8221;1&#8243; background_hover_color_opacity=&#8221;1&#8243; column_backdrop_filter=&#8221;none&#8221; column_shadow=&#8221;none&#8221; column_border_radius=&#8221;none&#8221; column_link_target=&#8221;_self&#8221; overflow=&#8221;visible&#8221; gradient_direction=&#8221;left_to_right&#8221; overlay_strength=&#8221;0.3&#8243; width=&#8221;1\/6&#8243; tablet_width_inherit=&#8221;default&#8221; animation_type=&#8221;default&#8221; enable_animation=&#8221;true&#8221; animation=&#8221;fade-in-from-bottom&#8221; animation_easing=&#8221;default&#8221; bg_image_animation=&#8221;none&#8221; border_type=&#8221;simple&#8221; column_border_width=&#8221;none&#8221; column_border_style=&#8221;solid&#8221; offset=&#8221;vc_hidden-sm vc_hidden-xs&#8221;][\/vc_column_inner][vc_column_inner column_padding=&#8221;no-extra-padding&#8221; column_padding_tablet=&#8221;inherit&#8221; column_padding_phone=&#8221;inherit&#8221; column_padding_position=&#8221;all&#8221; flex_gap_desktop=&#8221;10px&#8221; column_element_direction_desktop=&#8221;default&#8221; column_element_spacing=&#8221;default&#8221; centered_text=&#8221;true&#8221; desktop_text_alignment=&#8221;default&#8221; tablet_text_alignment=&#8221;default&#8221; phone_text_alignment=&#8221;default&#8221; background_color_opacity=&#8221;1&#8243; background_hover_color_opacity=&#8221;1&#8243; column_backdrop_filter=&#8221;none&#8221; column_shadow=&#8221;none&#8221; column_border_radius=&#8221;none&#8221; column_link_target=&#8221;_self&#8221; overflow=&#8221;visible&#8221; gradient_direction=&#8221;left_to_right&#8221; overlay_strength=&#8221;0.3&#8243; width=&#8221;2\/3&#8243; tablet_width_inherit=&#8221;default&#8221; animation_type=&#8221;default&#8221; enable_animation=&#8221;true&#8221; animation=&#8221;fade-in-from-bottom&#8221; animation_easing=&#8221;default&#8221; bg_image_animation=&#8221;none&#8221; border_type=&#8221;simple&#8221; column_border_width=&#8221;none&#8221; column_border_style=&#8221;solid&#8221; offset=&#8221;vc_col-xs-12&#8243;][vc_column_text css=&#8221;&#8221; text_direction=&#8221;default&#8221;]\n<h3><b>ILO 190 Nedir?\u00a0<\/b><\/h3>\n[\/vc_column_text][\/vc_column_inner][vc_column_inner column_padding=&#8221;no-extra-padding&#8221; column_padding_tablet=&#8221;inherit&#8221; column_padding_phone=&#8221;inherit&#8221; column_padding_position=&#8221;all&#8221; flex_gap_desktop=&#8221;10px&#8221; column_element_direction_desktop=&#8221;default&#8221; column_element_spacing=&#8221;default&#8221; desktop_text_alignment=&#8221;default&#8221; tablet_text_alignment=&#8221;default&#8221; phone_text_alignment=&#8221;default&#8221; background_color_opacity=&#8221;1&#8243; background_hover_color_opacity=&#8221;1&#8243; column_backdrop_filter=&#8221;none&#8221; column_shadow=&#8221;none&#8221; column_border_radius=&#8221;none&#8221; column_link_target=&#8221;_self&#8221; overflow=&#8221;visible&#8221; gradient_direction=&#8221;left_to_right&#8221; overlay_strength=&#8221;0.3&#8243; width=&#8221;1\/6&#8243; tablet_width_inherit=&#8221;default&#8221; animation_type=&#8221;default&#8221; bg_image_animation=&#8221;none&#8221; border_type=&#8221;simple&#8221; column_border_width=&#8221;none&#8221; column_border_style=&#8221;solid&#8221; offset=&#8221;vc_hidden-sm vc_hidden-xs&#8221;][\/vc_column_inner][\/vc_row_inner][\/vc_column][\/vc_row][vc_row type=&#8221;in_container&#8221; full_screen_row_position=&#8221;middle&#8221; column_margin=&#8221;default&#8221; column_direction=&#8221;default&#8221; column_direction_tablet=&#8221;default&#8221; column_direction_phone=&#8221;default&#8221; scene_position=&#8221;center&#8221; text_color=&#8221;dark&#8221; text_align=&#8221;left&#8221; row_border_radius=&#8221;none&#8221; row_border_radius_applies=&#8221;bg&#8221; row_position_desktop=&#8221;default&#8221; row_position_tablet=&#8221;inherit&#8221; row_position_phone=&#8221;inherit&#8221; overflow=&#8221;visible&#8221; overlay_strength=&#8221;0.3&#8243; gradient_direction=&#8221;left_to_right&#8221; shape_divider_position=&#8221;bottom&#8221; bg_image_animation=&#8221;none&#8221;][vc_column column_padding=&#8221;no-extra-padding&#8221; column_padding_tablet=&#8221;inherit&#8221; column_padding_phone=&#8221;inherit&#8221; column_padding_position=&#8221;all&#8221; flex_gap_desktop=&#8221;10px&#8221; column_element_direction_desktop=&#8221;default&#8221; column_element_spacing=&#8221;default&#8221; desktop_text_alignment=&#8221;default&#8221; tablet_text_alignment=&#8221;default&#8221; phone_text_alignment=&#8221;default&#8221; background_color_opacity=&#8221;1&#8243; background_hover_color_opacity=&#8221;1&#8243; column_backdrop_filter=&#8221;none&#8221; column_shadow=&#8221;none&#8221; column_border_radius=&#8221;none&#8221; column_link_target=&#8221;_self&#8221; column_position=&#8221;default&#8221; gradient_direction=&#8221;left_to_right&#8221; overlay_strength=&#8221;0.3&#8243; width=&#8221;1\/1&#8243; tablet_width_inherit=&#8221;default&#8221; animation_type=&#8221;default&#8221; bg_image_animation=&#8221;none&#8221; border_type=&#8221;simple&#8221; column_border_width=&#8221;none&#8221; column_border_style=&#8221;solid&#8221;][vc_column_text css=&#8221;&#8221; text_direction=&#8221;default&#8221;]<span style=\"font-weight: 400;\">ILO (International Labour Organization), yani Uluslararas\u0131 \u00c7al\u0131\u015fma \u00d6rg\u00fct\u00fc\u2019n\u00fcn, 190 say\u0131l\u0131 \u00c7al\u0131\u015fma Ya\u015fam\u0131nda \u015eiddet ve Tacizin Ortadan Kald\u0131r\u0131lmas\u0131 S\u00f6zle\u015fmesi Haziran 2019 y\u0131l\u0131nda imzaya a\u00e7\u0131ld\u0131. ILO 190 ve 206 nolu Tavsiye Karar\u0131, \u00e7al\u0131\u015fma ya\u015fam\u0131nda \u015fiddet ve tacize son vermeyi ama\u00e7layan ilk uluslararas\u0131 antla\u015fma olmas\u0131 a\u00e7\u0131s\u0131ndan tarihidir. \u00c7al\u0131\u015fma ya\u015fam\u0131n\u0131 i\u015fyerinin \u00f6tesinde ve \u00e7al\u0131\u015fanlar\u0131 stat\u00fclerinden ba\u011f\u0131ms\u0131z son derece geni\u015f olarak tan\u0131mlar. Toplumsal cinsiyete dayal\u0131 \u015fiddete odaklan\u0131r ve \u00e7al\u0131\u015fma ya\u015fam\u0131nda \u015fiddet ve tacizin e\u015fitsizlikle ili\u015fkisini kurar. <\/span>[\/vc_column_text][\/vc_column][\/vc_row]\n","protected":false},"excerpt":{"rendered":"<p>[vc_row type=&#8221;full_width_background&#8221; full_screen_row_position=&#8221;middle&#8221; column_margin=&#8221;default&#8221; column_direction=&#8221;default&#8221; column_direction_tablet=&#8221;default&#8221; column_direction_phone=&#8221;default&#8221; scene_position=&#8221;center&#8221; top_padding=&#8221;4%&#8221; bottom_padding=&#8221;2%&#8221; text_color=&#8221;dark&#8221; text_align=&#8221;left&#8221; row_border_radius=&#8221;none&#8221; row_border_radius_applies=&#8221;bg&#8221; row_position_desktop=&#8221;default&#8221; row_position_tablet=&#8221;inherit&#8221; row_position_phone=&#8221;inherit&#8221; overflow=&#8221;visible&#8221; overlay_strength=&#8221;0.3&#8243; gradient_direction=&#8221;left_to_right&#8221; shape_divider_position=&#8221;bottom&#8221; bg_image_animation=&#8221;none&#8221; gradient_type=&#8221;default&#8221; shape_type=&#8221;&#8221;][vc_column column_padding=&#8221;padding-4-percent&#8221; column_padding_tablet=&#8221;inherit&#8221; column_padding_phone=&#8221;inherit&#8221; column_padding_position=&#8221;bottom&#8221; flex_gap_desktop=&#8221;10px&#8221; column_element_direction_desktop=&#8221;default&#8221;&#8230;<\/p>\n","protected":false},"author":1,"featured_media":0,"parent":0,"menu_order":0,"comment_status":"closed","ping_status":"closed","template":"","meta":{"_acf_changed":false,"footnotes":""},"class_list":["post-1886","page","type-page","status-publish"],"acf":[],"yoast_head":"<!-- This site is optimized with the Yoast SEO plugin v27.0 - https:\/\/yoast.com\/product\/yoast-seo-wordpress\/ -->\n<title>ILO 190 Nedir?\u00a0 - Yerelde ILO 190<\/title>\n<meta name=\"robots\" content=\"index, follow, max-snippet:-1, max-image-preview:large, max-video-preview:-1\" \/>\n<link rel=\"canonical\" href=\"https:\/\/cinsiyetesitligipolitikalari.org\/yerelde-ilo-190\/ilo-190-nedir\/\" \/>\n<meta property=\"og:locale\" content=\"tr_TR\" \/>\n<meta property=\"og:type\" content=\"article\" \/>\n<meta property=\"og:title\" content=\"ILO 190 Nedir?\u00a0 - Yerelde ILO 190\" \/>\n<meta property=\"og:description\" content=\"[vc_row type=&#8221;full_width_background&#8221; full_screen_row_position=&#8221;middle&#8221; column_margin=&#8221;default&#8221; column_direction=&#8221;default&#8221; column_direction_tablet=&#8221;default&#8221; column_direction_phone=&#8221;default&#8221; scene_position=&#8221;center&#8221; top_padding=&#8221;4%&#8221; bottom_padding=&#8221;2%&#8221; text_color=&#8221;dark&#8221; text_align=&#8221;left&#8221; row_border_radius=&#8221;none&#8221; row_border_radius_applies=&#8221;bg&#8221; row_position_desktop=&#8221;default&#8221; row_position_tablet=&#8221;inherit&#8221; row_position_phone=&#8221;inherit&#8221; overflow=&#8221;visible&#8221; overlay_strength=&#8221;0.3&#8243; gradient_direction=&#8221;left_to_right&#8221; shape_divider_position=&#8221;bottom&#8221; bg_image_animation=&#8221;none&#8221; gradient_type=&#8221;default&#8221; shape_type=&#8221;&#8221;][vc_column column_padding=&#8221;padding-4-percent&#8221; column_padding_tablet=&#8221;inherit&#8221; column_padding_phone=&#8221;inherit&#8221; column_padding_position=&#8221;bottom&#8221; flex_gap_desktop=&#8221;10px&#8221; column_element_direction_desktop=&#8221;default&#8221;...\" \/>\n<meta property=\"og:url\" content=\"https:\/\/cinsiyetesitligipolitikalari.org\/yerelde-ilo-190\/ilo-190-nedir\/\" \/>\n<meta property=\"og:site_name\" content=\"Yerelde ILO 190\" \/>\n<meta name=\"twitter:card\" content=\"summary_large_image\" \/>\n<meta name=\"twitter:label1\" content=\"Tahmini okuma s\u00fcresi\" \/>\n\t<meta name=\"twitter:data1\" content=\"4 dakika\" \/>\n<script type=\"application\/ld+json\" class=\"yoast-schema-graph\">{\"@context\":\"https:\/\/schema.org\",\"@graph\":[{\"@type\":\"WebPage\",\"@id\":\"https:\/\/cinsiyetesitligipolitikalari.org\/yerelde-ilo-190\/ilo-190-nedir\/\",\"url\":\"https:\/\/cinsiyetesitligipolitikalari.org\/yerelde-ilo-190\/ilo-190-nedir\/\",\"name\":\"ILO 190 Nedir?\u00a0 - Yerelde ILO 190\",\"isPartOf\":{\"@id\":\"https:\/\/cinsiyetesitligipolitikalari.org\/yerelde-ilo-190\/#website\"},\"datePublished\":\"2025-12-21T08:37:44+00:00\",\"breadcrumb\":{\"@id\":\"https:\/\/cinsiyetesitligipolitikalari.org\/yerelde-ilo-190\/ilo-190-nedir\/#breadcrumb\"},\"inLanguage\":\"tr\",\"potentialAction\":[{\"@type\":\"ReadAction\",\"target\":[\"https:\/\/cinsiyetesitligipolitikalari.org\/yerelde-ilo-190\/ilo-190-nedir\/\"]}]},{\"@type\":\"BreadcrumbList\",\"@id\":\"https:\/\/cinsiyetesitligipolitikalari.org\/yerelde-ilo-190\/ilo-190-nedir\/#breadcrumb\",\"itemListElement\":[{\"@type\":\"ListItem\",\"position\":1,\"name\":\"Anasayfa\",\"item\":\"https:\/\/cinsiyetesitligipolitikalari.org\/yerelde-ilo-190\/\"},{\"@type\":\"ListItem\",\"position\":2,\"name\":\"ILO 190 Nedir?\u00a0\"}]},{\"@type\":\"WebSite\",\"@id\":\"https:\/\/cinsiyetesitligipolitikalari.org\/yerelde-ilo-190\/#website\",\"url\":\"https:\/\/cinsiyetesitligipolitikalari.org\/yerelde-ilo-190\/\",\"name\":\"Yerelde ILO 190 - Cinsiyet E\u015fitli\u011fi Politikalar\u0131 Derne\u011fi\",\"description\":\"\",\"publisher\":{\"@id\":\"https:\/\/cinsiyetesitligipolitikalari.org\/yerelde-ilo-190\/#organization\"},\"potentialAction\":[{\"@type\":\"SearchAction\",\"target\":{\"@type\":\"EntryPoint\",\"urlTemplate\":\"https:\/\/cinsiyetesitligipolitikalari.org\/yerelde-ilo-190\/?s={search_term_string}\"},\"query-input\":{\"@type\":\"PropertyValueSpecification\",\"valueRequired\":true,\"valueName\":\"search_term_string\"}}],\"inLanguage\":\"tr\"},{\"@type\":\"Organization\",\"@id\":\"https:\/\/cinsiyetesitligipolitikalari.org\/yerelde-ilo-190\/#organization\",\"name\":\"Cinsiyet E\u015fitli\u011fi Politikalar\u0131 Derne\u011fi\",\"url\":\"https:\/\/cinsiyetesitligipolitikalari.org\/yerelde-ilo-190\/\",\"logo\":{\"@type\":\"ImageObject\",\"inLanguage\":\"tr\",\"@id\":\"https:\/\/cinsiyetesitligipolitikalari.org\/yerelde-ilo-190\/#\/schema\/logo\/image\/\",\"url\":\"https:\/\/cinsiyetesitligipolitikalari.org\/yerelde-ilo-190\/wp-content\/uploads\/2025\/12\/cepd_logo.svg\",\"contentUrl\":\"https:\/\/cinsiyetesitligipolitikalari.org\/yerelde-ilo-190\/wp-content\/uploads\/2025\/12\/cepd_logo.svg\",\"width\":32,\"height\":32,\"caption\":\"Cinsiyet E\u015fitli\u011fi Politikalar\u0131 Derne\u011fi\"},\"image\":{\"@id\":\"https:\/\/cinsiyetesitligipolitikalari.org\/yerelde-ilo-190\/#\/schema\/logo\/image\/\"}}]}<\/script>\n<!-- \/ Yoast SEO plugin. -->","yoast_head_json":{"title":"ILO 190 Nedir?\u00a0 - Yerelde ILO 190","robots":{"index":"index","follow":"follow","max-snippet":"max-snippet:-1","max-image-preview":"max-image-preview:large","max-video-preview":"max-video-preview:-1"},"canonical":"https:\/\/cinsiyetesitligipolitikalari.org\/yerelde-ilo-190\/ilo-190-nedir\/","og_locale":"tr_TR","og_type":"article","og_title":"ILO 190 Nedir?\u00a0 - Yerelde ILO 190","og_description":"[vc_row type=&#8221;full_width_background&#8221; full_screen_row_position=&#8221;middle&#8221; column_margin=&#8221;default&#8221; column_direction=&#8221;default&#8221; column_direction_tablet=&#8221;default&#8221; column_direction_phone=&#8221;default&#8221; scene_position=&#8221;center&#8221; top_padding=&#8221;4%&#8221; bottom_padding=&#8221;2%&#8221; text_color=&#8221;dark&#8221; text_align=&#8221;left&#8221; row_border_radius=&#8221;none&#8221; row_border_radius_applies=&#8221;bg&#8221; row_position_desktop=&#8221;default&#8221; row_position_tablet=&#8221;inherit&#8221; row_position_phone=&#8221;inherit&#8221; overflow=&#8221;visible&#8221; overlay_strength=&#8221;0.3&#8243; gradient_direction=&#8221;left_to_right&#8221; shape_divider_position=&#8221;bottom&#8221; bg_image_animation=&#8221;none&#8221; gradient_type=&#8221;default&#8221; shape_type=&#8221;&#8221;][vc_column column_padding=&#8221;padding-4-percent&#8221; column_padding_tablet=&#8221;inherit&#8221; column_padding_phone=&#8221;inherit&#8221; column_padding_position=&#8221;bottom&#8221; flex_gap_desktop=&#8221;10px&#8221; column_element_direction_desktop=&#8221;default&#8221;...","og_url":"https:\/\/cinsiyetesitligipolitikalari.org\/yerelde-ilo-190\/ilo-190-nedir\/","og_site_name":"Yerelde ILO 190","twitter_card":"summary_large_image","twitter_misc":{"Tahmini okuma s\u00fcresi":"4 dakika"},"schema":{"@context":"https:\/\/schema.org","@graph":[{"@type":"WebPage","@id":"https:\/\/cinsiyetesitligipolitikalari.org\/yerelde-ilo-190\/ilo-190-nedir\/","url":"https:\/\/cinsiyetesitligipolitikalari.org\/yerelde-ilo-190\/ilo-190-nedir\/","name":"ILO 190 Nedir?\u00a0 - Yerelde ILO 190","isPartOf":{"@id":"https:\/\/cinsiyetesitligipolitikalari.org\/yerelde-ilo-190\/#website"},"datePublished":"2025-12-21T08:37:44+00:00","breadcrumb":{"@id":"https:\/\/cinsiyetesitligipolitikalari.org\/yerelde-ilo-190\/ilo-190-nedir\/#breadcrumb"},"inLanguage":"tr","potentialAction":[{"@type":"ReadAction","target":["https:\/\/cinsiyetesitligipolitikalari.org\/yerelde-ilo-190\/ilo-190-nedir\/"]}]},{"@type":"BreadcrumbList","@id":"https:\/\/cinsiyetesitligipolitikalari.org\/yerelde-ilo-190\/ilo-190-nedir\/#breadcrumb","itemListElement":[{"@type":"ListItem","position":1,"name":"Anasayfa","item":"https:\/\/cinsiyetesitligipolitikalari.org\/yerelde-ilo-190\/"},{"@type":"ListItem","position":2,"name":"ILO 190 Nedir?\u00a0"}]},{"@type":"WebSite","@id":"https:\/\/cinsiyetesitligipolitikalari.org\/yerelde-ilo-190\/#website","url":"https:\/\/cinsiyetesitligipolitikalari.org\/yerelde-ilo-190\/","name":"Yerelde ILO 190 - Cinsiyet E\u015fitli\u011fi Politikalar\u0131 Derne\u011fi","description":"","publisher":{"@id":"https:\/\/cinsiyetesitligipolitikalari.org\/yerelde-ilo-190\/#organization"},"potentialAction":[{"@type":"SearchAction","target":{"@type":"EntryPoint","urlTemplate":"https:\/\/cinsiyetesitligipolitikalari.org\/yerelde-ilo-190\/?s={search_term_string}"},"query-input":{"@type":"PropertyValueSpecification","valueRequired":true,"valueName":"search_term_string"}}],"inLanguage":"tr"},{"@type":"Organization","@id":"https:\/\/cinsiyetesitligipolitikalari.org\/yerelde-ilo-190\/#organization","name":"Cinsiyet E\u015fitli\u011fi Politikalar\u0131 Derne\u011fi","url":"https:\/\/cinsiyetesitligipolitikalari.org\/yerelde-ilo-190\/","logo":{"@type":"ImageObject","inLanguage":"tr","@id":"https:\/\/cinsiyetesitligipolitikalari.org\/yerelde-ilo-190\/#\/schema\/logo\/image\/","url":"https:\/\/cinsiyetesitligipolitikalari.org\/yerelde-ilo-190\/wp-content\/uploads\/2025\/12\/cepd_logo.svg","contentUrl":"https:\/\/cinsiyetesitligipolitikalari.org\/yerelde-ilo-190\/wp-content\/uploads\/2025\/12\/cepd_logo.svg","width":32,"height":32,"caption":"Cinsiyet E\u015fitli\u011fi Politikalar\u0131 Derne\u011fi"},"image":{"@id":"https:\/\/cinsiyetesitligipolitikalari.org\/yerelde-ilo-190\/#\/schema\/logo\/image\/"}}]}},"_links":{"self":[{"href":"https:\/\/cinsiyetesitligipolitikalari.org\/yerelde-ilo-190\/wp-json\/wp\/v2\/pages\/1886","targetHints":{"allow":["GET"]}}],"collection":[{"href":"https:\/\/cinsiyetesitligipolitikalari.org\/yerelde-ilo-190\/wp-json\/wp\/v2\/pages"}],"about":[{"href":"https:\/\/cinsiyetesitligipolitikalari.org\/yerelde-ilo-190\/wp-json\/wp\/v2\/types\/page"}],"author":[{"embeddable":true,"href":"https:\/\/cinsiyetesitligipolitikalari.org\/yerelde-ilo-190\/wp-json\/wp\/v2\/users\/1"}],"replies":[{"embeddable":true,"href":"https:\/\/cinsiyetesitligipolitikalari.org\/yerelde-ilo-190\/wp-json\/wp\/v2\/comments?post=1886"}],"version-history":[{"count":1,"href":"https:\/\/cinsiyetesitligipolitikalari.org\/yerelde-ilo-190\/wp-json\/wp\/v2\/pages\/1886\/revisions"}],"predecessor-version":[{"id":1887,"href":"https:\/\/cinsiyetesitligipolitikalari.org\/yerelde-ilo-190\/wp-json\/wp\/v2\/pages\/1886\/revisions\/1887"}],"wp:attachment":[{"href":"https:\/\/cinsiyetesitligipolitikalari.org\/yerelde-ilo-190\/wp-json\/wp\/v2\/media?parent=1886"}],"curies":[{"name":"wp","href":"https:\/\/api.w.org\/{rel}","templated":true}]}}